{"id":17652,"date":"2025-06-12T11:01:52","date_gmt":"2025-06-12T09:01:52","guid":{"rendered":"https:\/\/www.tagina.it\/?page_id=17652"},"modified":"2025-11-12T16:23:57","modified_gmt":"2025-11-12T15:23:57","slug":"declaration-daccessibilite","status":"publish","type":"page","link":"https:\/\/www.tagina.it\/fr\/declaration-daccessibilite\/","title":{"rendered":"D\u00e9claration d\u2019accessibilit\u00e9"},"content":{"rendered":"<p><strong>Tagina SpA<\/strong> s\u2019efforce de garantir que ses services num\u00e9riques soient accessibles aux personnes en situation de handicap. Tagina SpA a investi des ressources importantes afin d\u2019assurer l\u2019acc\u00e8s \u00e0 tous les utilisateurs, y compris les personnes handicap\u00e9es, avec la ferme conviction que chacun a le droit de vivre avec dignit\u00e9, \u00e9galit\u00e9, confort et ind\u00e9pendance.<\/p>\n<p>L\u2019accessibilit\u00e9 num\u00e9rique n\u2019est pas seulement un objectif \u00e0 atteindre, mais un engagement permanent que nous int\u00e9grons dans tous les aspects de la prestation de nos services num\u00e9riques. Nous reconnaissons que cela n\u00e9cessite un suivi continu, des am\u00e9liorations constantes et une adaptation permanente. Dans les sections ci-dessous, nous pr\u00e9sentons les diff\u00e9rentes actions entreprises pour progresser vers une accessibilit\u00e9 num\u00e9rique pour tous.<\/p>\n<p>Un \u00e9l\u00e9ment cl\u00e9 de notre initiative en mati\u00e8re d\u2019accessibilit\u00e9 est notre collaboration avec l\u2019organisme de conseil tiers UserWay, qui nous aide \u00e0 rendre notre site conforme aux standards d\u2019accessibilit\u00e9. Nous utilisons des m\u00e9thodes et des outils reconnus par l\u2019industrie, conform\u00e9ment \u00e0 la version applicable des Web Content Accessibility Guidelines (WCAG) \u00e9tablies par le World Wide Web Consortium (W3C), l\u2019organisme international principal de normalisation du web.<\/p>\n<p><strong>Contactez-nous<\/strong><br \/>\nNous sommes l\u00e0 pour vous aider et rendre votre exp\u00e9rience aussi fluide et inclusive que possible. Si vous rencontrez des probl\u00e8mes d\u2019accessibilit\u00e9 num\u00e9rique avec nos produits ou services, ou si vous avez besoin d\u2019informations \u00e0 ce sujet, n\u2019h\u00e9sitez pas \u00e0 nous contacter. Nous appr\u00e9cions vos retours et suggestions, qui nous aident \u00e0 renforcer en permanence nos efforts en mati\u00e8re d\u2019accessibilit\u00e9 num\u00e9rique.<\/p>\n<p><strong>Coordonn\u00e9es :<\/strong><br \/>\nTagina SpA<br \/>\nEmail : info@tagina.it<\/p>\n<p>Nous prenons l\u2019accessibilit\u00e9 tr\u00e8s au s\u00e9rieux et vous r\u00e9pondrons dans les plus brefs d\u00e9lais.<\/p>\n","protected":false},"excerpt":{"rendered":"<p>Tagina SpA s\u2019efforce de garantir que ses services num\u00e9riques soient accessibles aux personnes en situation de handicap. Tagina SpA a investi des ressources importantes afin d\u2019assurer l\u2019acc\u00e8s \u00e0 tous les utilisateurs, y compris les personnes handicap\u00e9es, avec la ferme conviction que chacun a le droit de vivre avec dignit\u00e9, \u00e9galit\u00e9, confort et ind\u00e9pendance. L\u2019accessibilit\u00e9 num\u00e9rique [&hellip;]<\/p>\n","protected":false},"author":1,"featured_media":0,"parent":0,"menu_order":0,"comment_status":"closed","ping_status":"closed","template":"","meta":{"_acf_changed":false,"footnotes":""},"class_list":["post-17652","page","type-page","status-publish","hentry"],"acf":[],"yoast_head":"<!-- This site is optimized with the Yoast SEO plugin v27.5 - https:\/\/yoast.com\/product\/yoast-seo-wordpress\/ -->\n<title>D\u00e9claration d\u2019accessibilit\u00e9 - Tagina<\/title>\n<meta name=\"robots\" content=\"index, follow, max-snippet:-1, max-image-preview:large, max-video-preview:-1\" \/>\n<link rel=\"canonical\" href=\"https:\/\/www.tagina.it\/fr\/declaration-daccessibilite\/\" \/>\n<meta property=\"og:locale\" content=\"fr_FR\" \/>\n<meta property=\"og:type\" content=\"article\" \/>\n<meta property=\"og:title\" content=\"D\u00e9claration d\u2019accessibilit\u00e9 - Tagina\" \/>\n<meta property=\"og:description\" content=\"Tagina SpA s\u2019efforce de garantir que ses services num\u00e9riques soient accessibles aux personnes en situation de handicap. Tagina SpA a investi des ressources importantes afin d\u2019assurer l\u2019acc\u00e8s \u00e0 tous les utilisateurs, y compris les personnes handicap\u00e9es, avec la ferme conviction que chacun a le droit de vivre avec dignit\u00e9, \u00e9galit\u00e9, confort et ind\u00e9pendance. L\u2019accessibilit\u00e9 num\u00e9rique [&hellip;]\" \/>\n<meta property=\"og:url\" content=\"https:\/\/www.tagina.it\/fr\/declaration-daccessibilite\/\" \/>\n<meta property=\"og:site_name\" content=\"Tagina\" \/>\n<meta property=\"article:modified_time\" content=\"2025-11-12T15:23:57+00:00\" \/>\n<meta name=\"twitter:card\" content=\"summary_large_image\" \/>\n<meta name=\"twitter:label1\" content=\"Est. reading time\" \/>\n\t<meta name=\"twitter:data1\" content=\"2 minutes\" \/>\n<script type=\"application\/ld+json\" class=\"yoast-schema-graph\">{\"@context\":\"https:\\\/\\\/schema.org\",\"@graph\":[{\"@type\":\"WebPage\",\"@id\":\"https:\\\/\\\/www.tagina.it\\\/fr\\\/declaration-daccessibilite\\\/\",\"url\":\"https:\\\/\\\/www.tagina.it\\\/fr\\\/declaration-daccessibilite\\\/\",\"name\":\"D\u00e9claration d\u2019accessibilit\u00e9 - Tagina\",\"isPartOf\":{\"@id\":\"https:\\\/\\\/www.tagina.it\\\/fr\\\/#website\"},\"datePublished\":\"2025-06-12T09:01:52+00:00\",\"dateModified\":\"2025-11-12T15:23:57+00:00\",\"breadcrumb\":{\"@id\":\"https:\\\/\\\/www.tagina.it\\\/fr\\\/declaration-daccessibilite\\\/#breadcrumb\"},\"inLanguage\":\"fr-FR\",\"potentialAction\":[{\"@type\":\"ReadAction\",\"target\":[\"https:\\\/\\\/www.tagina.it\\\/fr\\\/declaration-daccessibilite\\\/\"]}]},{\"@type\":\"BreadcrumbList\",\"@id\":\"https:\\\/\\\/www.tagina.it\\\/fr\\\/declaration-daccessibilite\\\/#breadcrumb\",\"itemListElement\":[{\"@type\":\"ListItem\",\"position\":1,\"name\":\"Home\",\"item\":\"https:\\\/\\\/www.tagina.it\\\/fr\\\/\"},{\"@type\":\"ListItem\",\"position\":2,\"name\":\"D\u00e9claration d\u2019accessibilit\u00e9\"}]},{\"@type\":\"WebSite\",\"@id\":\"https:\\\/\\\/www.tagina.it\\\/fr\\\/#website\",\"url\":\"https:\\\/\\\/www.tagina.it\\\/fr\\\/\",\"name\":\"Tagina\",\"description\":\"Storie di stile\",\"publisher\":{\"@id\":\"https:\\\/\\\/www.tagina.it\\\/fr\\\/#organization\"},\"potentialAction\":[{\"@type\":\"SearchAction\",\"target\":{\"@type\":\"EntryPoint\",\"urlTemplate\":\"https:\\\/\\\/www.tagina.it\\\/fr\\\/?s={search_term_string}\"},\"query-input\":{\"@type\":\"PropertyValueSpecification\",\"valueRequired\":true,\"valueName\":\"search_term_string\"}}],\"inLanguage\":\"fr-FR\"},{\"@type\":\"Organization\",\"@id\":\"https:\\\/\\\/www.tagina.it\\\/fr\\\/#organization\",\"name\":\"Tagina\",\"url\":\"https:\\\/\\\/www.tagina.it\\\/fr\\\/\",\"logo\":{\"@type\":\"ImageObject\",\"inLanguage\":\"fr-FR\",\"@id\":\"https:\\\/\\\/www.tagina.it\\\/fr\\\/#\\\/schema\\\/logo\\\/image\\\/\",\"url\":\"https:\\\/\\\/www.tagina.it\\\/tag21\\\/tg21-cont\\\/uploads\\\/2020\\\/12\\\/tagina-logo-h-bianco-oro.svg\",\"contentUrl\":\"https:\\\/\\\/www.tagina.it\\\/tag21\\\/tg21-cont\\\/uploads\\\/2020\\\/12\\\/tagina-logo-h-bianco-oro.svg\",\"width\":100,\"height\":100,\"caption\":\"Tagina\"},\"image\":{\"@id\":\"https:\\\/\\\/www.tagina.it\\\/fr\\\/#\\\/schema\\\/logo\\\/image\\\/\"}}]}<\/script>\n<!-- \/ Yoast SEO plugin. -->","yoast_head_json":{"title":"D\u00e9claration d\u2019accessibilit\u00e9 - Tagina","robots":{"index":"index","follow":"follow","max-snippet":"max-snippet:-1","max-image-preview":"max-image-preview:large","max-video-preview":"max-video-preview:-1"},"canonical":"https:\/\/www.tagina.it\/fr\/declaration-daccessibilite\/","og_locale":"fr_FR","og_type":"article","og_title":"D\u00e9claration d\u2019accessibilit\u00e9 - Tagina","og_description":"Tagina SpA s\u2019efforce de garantir que ses services num\u00e9riques soient accessibles aux personnes en situation de handicap. Tagina SpA a investi des ressources importantes afin d\u2019assurer l\u2019acc\u00e8s \u00e0 tous les utilisateurs, y compris les personnes handicap\u00e9es, avec la ferme conviction que chacun a le droit de vivre avec dignit\u00e9, \u00e9galit\u00e9, confort et ind\u00e9pendance. L\u2019accessibilit\u00e9 num\u00e9rique [&hellip;]","og_url":"https:\/\/www.tagina.it\/fr\/declaration-daccessibilite\/","og_site_name":"Tagina","article_modified_time":"2025-11-12T15:23:57+00:00","twitter_card":"summary_large_image","twitter_misc":{"Est. reading time":"2 minutes"},"schema":{"@context":"https:\/\/schema.org","@graph":[{"@type":"WebPage","@id":"https:\/\/www.tagina.it\/fr\/declaration-daccessibilite\/","url":"https:\/\/www.tagina.it\/fr\/declaration-daccessibilite\/","name":"D\u00e9claration d\u2019accessibilit\u00e9 - Tagina","isPartOf":{"@id":"https:\/\/www.tagina.it\/fr\/#website"},"datePublished":"2025-06-12T09:01:52+00:00","dateModified":"2025-11-12T15:23:57+00:00","breadcrumb":{"@id":"https:\/\/www.tagina.it\/fr\/declaration-daccessibilite\/#breadcrumb"},"inLanguage":"fr-FR","potentialAction":[{"@type":"ReadAction","target":["https:\/\/www.tagina.it\/fr\/declaration-daccessibilite\/"]}]},{"@type":"BreadcrumbList","@id":"https:\/\/www.tagina.it\/fr\/declaration-daccessibilite\/#breadcrumb","itemListElement":[{"@type":"ListItem","position":1,"name":"Home","item":"https:\/\/www.tagina.it\/fr\/"},{"@type":"ListItem","position":2,"name":"D\u00e9claration d\u2019accessibilit\u00e9"}]},{"@type":"WebSite","@id":"https:\/\/www.tagina.it\/fr\/#website","url":"https:\/\/www.tagina.it\/fr\/","name":"Tagina","description":"Storie di stile","publisher":{"@id":"https:\/\/www.tagina.it\/fr\/#organization"},"potentialAction":[{"@type":"SearchAction","target":{"@type":"EntryPoint","urlTemplate":"https:\/\/www.tagina.it\/fr\/?s={search_term_string}"},"query-input":{"@type":"PropertyValueSpecification","valueRequired":true,"valueName":"search_term_string"}}],"inLanguage":"fr-FR"},{"@type":"Organization","@id":"https:\/\/www.tagina.it\/fr\/#organization","name":"Tagina","url":"https:\/\/www.tagina.it\/fr\/","logo":{"@type":"ImageObject","inLanguage":"fr-FR","@id":"https:\/\/www.tagina.it\/fr\/#\/schema\/logo\/image\/","url":"https:\/\/www.tagina.it\/tag21\/tg21-cont\/uploads\/2020\/12\/tagina-logo-h-bianco-oro.svg","contentUrl":"https:\/\/www.tagina.it\/tag21\/tg21-cont\/uploads\/2020\/12\/tagina-logo-h-bianco-oro.svg","width":100,"height":100,"caption":"Tagina"},"image":{"@id":"https:\/\/www.tagina.it\/fr\/#\/schema\/logo\/image\/"}}]}},"_links":{"self":[{"href":"https:\/\/www.tagina.it\/fr\/wp-json\/wp\/v2\/pages\/17652","targetHints":{"allow":["GET"]}}],"collection":[{"href":"https:\/\/www.tagina.it\/fr\/wp-json\/wp\/v2\/pages"}],"about":[{"href":"https:\/\/www.tagina.it\/fr\/wp-json\/wp\/v2\/types\/page"}],"author":[{"embeddable":true,"href":"https:\/\/www.tagina.it\/fr\/wp-json\/wp\/v2\/users\/1"}],"replies":[{"embeddable":true,"href":"https:\/\/www.tagina.it\/fr\/wp-json\/wp\/v2\/comments?post=17652"}],"version-history":[{"count":1,"href":"https:\/\/www.tagina.it\/fr\/wp-json\/wp\/v2\/pages\/17652\/revisions"}],"predecessor-version":[{"id":17653,"href":"https:\/\/www.tagina.it\/fr\/wp-json\/wp\/v2\/pages\/17652\/revisions\/17653"}],"wp:attachment":[{"href":"https:\/\/www.tagina.it\/fr\/wp-json\/wp\/v2\/media?parent=17652"}],"curies":[{"name":"wp","href":"https:\/\/api.w.org\/{rel}","templated":true}]}}