{"id":17655,"date":"2025-06-12T11:01:52","date_gmt":"2025-06-12T09:01:52","guid":{"rendered":"https:\/\/www.tagina.it\/?page_id=17655"},"modified":"2025-11-12T16:24:59","modified_gmt":"2025-11-12T15:24:59","slug":"barrierefreiheitserklaerung","status":"publish","type":"page","link":"https:\/\/www.tagina.it\/de\/barrierefreiheitserklaerung\/","title":{"rendered":"Barrierefreiheits\u00aderkl\u00e4rung"},"content":{"rendered":"<p><strong>Tagina SpA<\/strong> setzt sich daf\u00fcr ein, dass ihre digitalen Dienste f\u00fcr Menschen mit Behinderungen zug\u00e4nglich sind. Tagina SpA hat erhebliche Ressourcen investiert, um den Zugang f\u00fcr alle Nutzer \u2013 einschlie\u00dflich Menschen mit Behinderungen \u2013 sicherzustellen, in dem festen Glauben, dass jeder Mensch das Recht hat, mit W\u00fcrde, Gleichheit, Komfort und Unabh\u00e4ngigkeit zu leben.<\/p>\n<p>Digitale Barrierefreiheit ist f\u00fcr uns nicht nur ein Ziel, das es zu erreichen gilt, sondern ein fortlaufendes Engagement, das wir in allen Aspekten unserer digitalen Dienstleistungen verankern. Wir erkennen an, dass dies eine kontinuierliche \u00dcberwachung, Verbesserung und Anpassung erfordert. In den folgenden Abschnitten erl\u00e4utern wir die verschiedenen Ma\u00dfnahmen, die wir ergriffen haben, um Fortschritte bei der Gew\u00e4hrleistung der digitalen Barrierefreiheit f\u00fcr alle zu erzielen.<\/p>\n<p>Ein zentraler Bestandteil unserer Barrierefreiheitsinitiative ist die Zusammenarbeit mit der externen Beratungsorganisation UserWay, die uns dabei unterst\u00fctzt, unsere Website an die geltenden Standards anzupassen. Wir verwenden branchen\u00fcbliche Methoden und Werkzeuge zur Barrierefreiheit, entsprechend der jeweils relevanten Version der Web Content Accessibility Guidelines (WCAG), die vom World Wide Web Consortium (W3C) \u2013 der wichtigsten internationalen Normungsorganisation des Internets \u2013 festgelegt wurden.<\/p>\n<p><strong>Kontaktieren Sie uns<\/strong><br \/>\nWir sind hier, um Ihnen zu helfen und Ihre Erfahrung so reibungslos und inklusiv wie m\u00f6glich zu gestalten. Wenn Sie auf digitale Barrierefreiheitsprobleme mit unseren Produkten oder Dienstleistungen sto\u00dfen oder Informationen zu diesem Thema ben\u00f6tigen, m\u00f6chten wir von Ihnen h\u00f6ren! Wir sch\u00e4tzen Ihr Feedback und Ihre Vorschl\u00e4ge, um unsere Bem\u00fchungen zur digitalen Barrierefreiheit kontinuierlich zu verbessern.<\/p>\n<p><strong>Kontaktinformationen:<\/strong><br \/>\nTagina SpA<br \/>\nE-Mail: info@tagina.it<\/p>\n<p>Wir nehmen Barrierefreiheit sehr ernst und werden uns so bald wie m\u00f6glich bei Ihnen melden.<\/p>\n","protected":false},"excerpt":{"rendered":"<p>Tagina SpA setzt sich daf\u00fcr ein, dass ihre digitalen Dienste f\u00fcr Menschen mit Behinderungen zug\u00e4nglich sind. Tagina SpA hat erhebliche Ressourcen investiert, um den Zugang f\u00fcr alle Nutzer \u2013 einschlie\u00dflich Menschen mit Behinderungen \u2013 sicherzustellen, in dem festen Glauben, dass jeder Mensch das Recht hat, mit W\u00fcrde, Gleichheit, Komfort und Unabh\u00e4ngigkeit zu leben. Digitale Barrierefreiheit [&hellip;]<\/p>\n","protected":false},"author":1,"featured_media":0,"parent":0,"menu_order":0,"comment_status":"closed","ping_status":"closed","template":"","meta":{"_acf_changed":false,"footnotes":""},"class_list":["post-17655","page","type-page","status-publish","hentry"],"acf":[],"yoast_head":"<!-- This site is optimized with the Yoast SEO plugin v27.4 - https:\/\/yoast.com\/product\/yoast-seo-wordpress\/ -->\n<title>Barrierefreiheits\u00aderkl\u00e4rung - Tagina<\/title>\n<meta name=\"robots\" content=\"index, follow, max-snippet:-1, max-image-preview:large, max-video-preview:-1\" \/>\n<link rel=\"canonical\" href=\"https:\/\/www.tagina.it\/de\/barrierefreiheitserklaerung\/\" \/>\n<meta property=\"og:locale\" content=\"de_DE\" \/>\n<meta property=\"og:type\" content=\"article\" \/>\n<meta property=\"og:title\" content=\"Barrierefreiheits\u00aderkl\u00e4rung - Tagina\" \/>\n<meta property=\"og:description\" content=\"Tagina SpA setzt sich daf\u00fcr ein, dass ihre digitalen Dienste f\u00fcr Menschen mit Behinderungen zug\u00e4nglich sind. Tagina SpA hat erhebliche Ressourcen investiert, um den Zugang f\u00fcr alle Nutzer \u2013 einschlie\u00dflich Menschen mit Behinderungen \u2013 sicherzustellen, in dem festen Glauben, dass jeder Mensch das Recht hat, mit W\u00fcrde, Gleichheit, Komfort und Unabh\u00e4ngigkeit zu leben. Digitale Barrierefreiheit [&hellip;]\" \/>\n<meta property=\"og:url\" content=\"https:\/\/www.tagina.it\/de\/barrierefreiheitserklaerung\/\" \/>\n<meta property=\"og:site_name\" content=\"Tagina\" \/>\n<meta property=\"article:modified_time\" content=\"2025-11-12T15:24:59+00:00\" \/>\n<meta name=\"twitter:card\" content=\"summary_large_image\" \/>\n<meta name=\"twitter:label1\" content=\"Est. reading time\" \/>\n\t<meta name=\"twitter:data1\" content=\"2 minutes\" \/>\n<script type=\"application\/ld+json\" class=\"yoast-schema-graph\">{\"@context\":\"https:\\\/\\\/schema.org\",\"@graph\":[{\"@type\":\"WebPage\",\"@id\":\"https:\\\/\\\/www.tagina.it\\\/de\\\/barrierefreiheitserklaerung\\\/\",\"url\":\"https:\\\/\\\/www.tagina.it\\\/de\\\/barrierefreiheitserklaerung\\\/\",\"name\":\"Barrierefreiheits\u00aderkl\u00e4rung - Tagina\",\"isPartOf\":{\"@id\":\"https:\\\/\\\/www.tagina.it\\\/de\\\/#website\"},\"datePublished\":\"2025-06-12T09:01:52+00:00\",\"dateModified\":\"2025-11-12T15:24:59+00:00\",\"breadcrumb\":{\"@id\":\"https:\\\/\\\/www.tagina.it\\\/de\\\/barrierefreiheitserklaerung\\\/#breadcrumb\"},\"inLanguage\":\"de-DE\",\"potentialAction\":[{\"@type\":\"ReadAction\",\"target\":[\"https:\\\/\\\/www.tagina.it\\\/de\\\/barrierefreiheitserklaerung\\\/\"]}]},{\"@type\":\"BreadcrumbList\",\"@id\":\"https:\\\/\\\/www.tagina.it\\\/de\\\/barrierefreiheitserklaerung\\\/#breadcrumb\",\"itemListElement\":[{\"@type\":\"ListItem\",\"position\":1,\"name\":\"Home\",\"item\":\"https:\\\/\\\/www.tagina.it\\\/de\\\/\"},{\"@type\":\"ListItem\",\"position\":2,\"name\":\"Barrierefreiheits\u00aderkl\u00e4rung\"}]},{\"@type\":\"WebSite\",\"@id\":\"https:\\\/\\\/www.tagina.it\\\/de\\\/#website\",\"url\":\"https:\\\/\\\/www.tagina.it\\\/de\\\/\",\"name\":\"Tagina\",\"description\":\"Storie di stile\",\"publisher\":{\"@id\":\"https:\\\/\\\/www.tagina.it\\\/de\\\/#organization\"},\"potentialAction\":[{\"@type\":\"SearchAction\",\"target\":{\"@type\":\"EntryPoint\",\"urlTemplate\":\"https:\\\/\\\/www.tagina.it\\\/de\\\/?s={search_term_string}\"},\"query-input\":{\"@type\":\"PropertyValueSpecification\",\"valueRequired\":true,\"valueName\":\"search_term_string\"}}],\"inLanguage\":\"de-DE\"},{\"@type\":\"Organization\",\"@id\":\"https:\\\/\\\/www.tagina.it\\\/de\\\/#organization\",\"name\":\"Tagina\",\"url\":\"https:\\\/\\\/www.tagina.it\\\/de\\\/\",\"logo\":{\"@type\":\"ImageObject\",\"inLanguage\":\"de-DE\",\"@id\":\"https:\\\/\\\/www.tagina.it\\\/de\\\/#\\\/schema\\\/logo\\\/image\\\/\",\"url\":\"https:\\\/\\\/www.tagina.it\\\/tag21\\\/tg21-cont\\\/uploads\\\/2020\\\/12\\\/tagina-logo-h-bianco-oro.svg\",\"contentUrl\":\"https:\\\/\\\/www.tagina.it\\\/tag21\\\/tg21-cont\\\/uploads\\\/2020\\\/12\\\/tagina-logo-h-bianco-oro.svg\",\"width\":100,\"height\":100,\"caption\":\"Tagina\"},\"image\":{\"@id\":\"https:\\\/\\\/www.tagina.it\\\/de\\\/#\\\/schema\\\/logo\\\/image\\\/\"}}]}<\/script>\n<!-- \/ Yoast SEO plugin. -->","yoast_head_json":{"title":"Barrierefreiheits\u00aderkl\u00e4rung - Tagina","robots":{"index":"index","follow":"follow","max-snippet":"max-snippet:-1","max-image-preview":"max-image-preview:large","max-video-preview":"max-video-preview:-1"},"canonical":"https:\/\/www.tagina.it\/de\/barrierefreiheitserklaerung\/","og_locale":"de_DE","og_type":"article","og_title":"Barrierefreiheits\u00aderkl\u00e4rung - Tagina","og_description":"Tagina SpA setzt sich daf\u00fcr ein, dass ihre digitalen Dienste f\u00fcr Menschen mit Behinderungen zug\u00e4nglich sind. Tagina SpA hat erhebliche Ressourcen investiert, um den Zugang f\u00fcr alle Nutzer \u2013 einschlie\u00dflich Menschen mit Behinderungen \u2013 sicherzustellen, in dem festen Glauben, dass jeder Mensch das Recht hat, mit W\u00fcrde, Gleichheit, Komfort und Unabh\u00e4ngigkeit zu leben. Digitale Barrierefreiheit [&hellip;]","og_url":"https:\/\/www.tagina.it\/de\/barrierefreiheitserklaerung\/","og_site_name":"Tagina","article_modified_time":"2025-11-12T15:24:59+00:00","twitter_card":"summary_large_image","twitter_misc":{"Est. reading time":"2 minutes"},"schema":{"@context":"https:\/\/schema.org","@graph":[{"@type":"WebPage","@id":"https:\/\/www.tagina.it\/de\/barrierefreiheitserklaerung\/","url":"https:\/\/www.tagina.it\/de\/barrierefreiheitserklaerung\/","name":"Barrierefreiheits\u00aderkl\u00e4rung - Tagina","isPartOf":{"@id":"https:\/\/www.tagina.it\/de\/#website"},"datePublished":"2025-06-12T09:01:52+00:00","dateModified":"2025-11-12T15:24:59+00:00","breadcrumb":{"@id":"https:\/\/www.tagina.it\/de\/barrierefreiheitserklaerung\/#breadcrumb"},"inLanguage":"de-DE","potentialAction":[{"@type":"ReadAction","target":["https:\/\/www.tagina.it\/de\/barrierefreiheitserklaerung\/"]}]},{"@type":"BreadcrumbList","@id":"https:\/\/www.tagina.it\/de\/barrierefreiheitserklaerung\/#breadcrumb","itemListElement":[{"@type":"ListItem","position":1,"name":"Home","item":"https:\/\/www.tagina.it\/de\/"},{"@type":"ListItem","position":2,"name":"Barrierefreiheits\u00aderkl\u00e4rung"}]},{"@type":"WebSite","@id":"https:\/\/www.tagina.it\/de\/#website","url":"https:\/\/www.tagina.it\/de\/","name":"Tagina","description":"Storie di stile","publisher":{"@id":"https:\/\/www.tagina.it\/de\/#organization"},"potentialAction":[{"@type":"SearchAction","target":{"@type":"EntryPoint","urlTemplate":"https:\/\/www.tagina.it\/de\/?s={search_term_string}"},"query-input":{"@type":"PropertyValueSpecification","valueRequired":true,"valueName":"search_term_string"}}],"inLanguage":"de-DE"},{"@type":"Organization","@id":"https:\/\/www.tagina.it\/de\/#organization","name":"Tagina","url":"https:\/\/www.tagina.it\/de\/","logo":{"@type":"ImageObject","inLanguage":"de-DE","@id":"https:\/\/www.tagina.it\/de\/#\/schema\/logo\/image\/","url":"https:\/\/www.tagina.it\/tag21\/tg21-cont\/uploads\/2020\/12\/tagina-logo-h-bianco-oro.svg","contentUrl":"https:\/\/www.tagina.it\/tag21\/tg21-cont\/uploads\/2020\/12\/tagina-logo-h-bianco-oro.svg","width":100,"height":100,"caption":"Tagina"},"image":{"@id":"https:\/\/www.tagina.it\/de\/#\/schema\/logo\/image\/"}}]}},"_links":{"self":[{"href":"https:\/\/www.tagina.it\/de\/wp-json\/wp\/v2\/pages\/17655","targetHints":{"allow":["GET"]}}],"collection":[{"href":"https:\/\/www.tagina.it\/de\/wp-json\/wp\/v2\/pages"}],"about":[{"href":"https:\/\/www.tagina.it\/de\/wp-json\/wp\/v2\/types\/page"}],"author":[{"embeddable":true,"href":"https:\/\/www.tagina.it\/de\/wp-json\/wp\/v2\/users\/1"}],"replies":[{"embeddable":true,"href":"https:\/\/www.tagina.it\/de\/wp-json\/wp\/v2\/comments?post=17655"}],"version-history":[{"count":1,"href":"https:\/\/www.tagina.it\/de\/wp-json\/wp\/v2\/pages\/17655\/revisions"}],"predecessor-version":[{"id":17656,"href":"https:\/\/www.tagina.it\/de\/wp-json\/wp\/v2\/pages\/17655\/revisions\/17656"}],"wp:attachment":[{"href":"https:\/\/www.tagina.it\/de\/wp-json\/wp\/v2\/media?parent=17655"}],"curies":[{"name":"wp","href":"https:\/\/api.w.org\/{rel}","templated":true}]}}